{"id":180,"date":"2024-08-23T09:42:15","date_gmt":"2024-08-23T09:42:15","guid":{"rendered":"https:\/\/esader-drc.org\/?page_id=180"},"modified":"2024-08-23T12:45:07","modified_gmt":"2024-08-23T12:45:07","slug":"consolidation-de-la-paix-et-reconciliation","status":"publish","type":"page","link":"https:\/\/esader-drc.org\/en\/consolidation-de-la-paix-et-reconciliation\/","title":{"rendered":"Consolidation de la paix et r\u00e9conciliation"},"content":{"rendered":"<div data-elementor-type=\"wp-page\" data-elementor-id=\"180\" class=\"elementor elementor-180\">\n\t\t\t\t\t\t<section class=\"elementor-section elementor-top-section elementor-element elementor-element-d7dac2e elementor-section-boxed elementor-section-height-default elementor-section-height-default\" data-id=\"d7dac2e\" data-element_type=\"section\">\n\t\t\t\t\t\t<div class=\"elementor-container elementor-column-gap-default\">\n\t\t\t\t\t<div class=\"elementor-column elementor-col-100 elementor-top-column elementor-element elementor-element-b69b80a\" data-id=\"b69b80a\" data-element_type=\"column\">\n\t\t\t<div class=\"elementor-widget-wrap\">\n\t\t\t\t\t\t\t<\/div>\n\t\t<\/div>\n\t\t\t\t\t<\/div>\n\t\t<\/section>\n\t\t<div class=\"elementor-element elementor-element-5219dc9 e-flex e-con-boxed e-con e-parent\" data-id=\"5219dc9\" data-element_type=\"container\">\n\t\t\t\t\t<div class=\"e-con-inner\">\n\t\t\t\t<div class=\"elementor-element elementor-element-edff9ba elementor-widget elementor-widget-heading\" data-id=\"edff9ba\" data-element_type=\"widget\" data-widget_type=\"heading.default\">\n\t\t\t\t<div class=\"elementor-widget-container\">\n\t\t\t\t\t<h2 class=\"elementor-heading-title elementor-size-default\">Consolidation de la paix et r\u00e9conciliation<\/h2>\t\t\t\t<\/div>\n\t\t\t\t<\/div>\n\t\t\t\t\t<\/div>\n\t\t\t\t<\/div>\n\t\t<div class=\"elementor-element elementor-element-cb64b4c e-flex e-con-boxed e-con e-parent\" data-id=\"cb64b4c\" data-element_type=\"container\">\n\t\t\t\t\t<div class=\"e-con-inner\">\n\t\t\t\t<div class=\"elementor-element elementor-element-43f402b elementor-widget-divider--view-line elementor-widget elementor-widget-divider\" data-id=\"43f402b\" data-element_type=\"widget\" data-widget_type=\"divider.default\">\n\t\t\t\t<div class=\"elementor-widget-container\">\n\t\t\t\t\t\t\t<div class=\"elementor-divider\">\n\t\t\t<span class=\"elementor-divider-separator\">\n\t\t\t\t\t\t<\/span>\n\t\t<\/div>\n\t\t\t\t\t\t<\/div>\n\t\t\t\t<\/div>\n\t\t\t\t\t<\/div>\n\t\t\t\t<\/div>\n\t\t<div class=\"elementor-element elementor-element-664c747 e-flex e-con-boxed e-con e-parent\" data-id=\"664c747\" data-element_type=\"container\">\n\t\t\t\t\t<div class=\"e-con-inner\">\n\t\t\t\t<div class=\"elementor-element elementor-element-ad49ff2 elementor-widget elementor-widget-text-editor\" data-id=\"ad49ff2\" data-element_type=\"widget\" data-widget_type=\"text-editor.default\">\n\t\t\t\t<div class=\"elementor-widget-container\">\n\t\t\t\t\t\t\t\t\t<p>La RDC et principalement l\u2019Est du pays sont le th\u00e9\u00e2tre de violences r\u00e9currentes depuis 20 ans. La violence a laiss\u00e9 derri\u00e8re elle des conflits, des inimiti\u00e9s et des haines entre individus, familles et communaut\u00e9s. Pour relever ce d\u00e9fi, Esader a d\u00e9velopp\u00e9 un programme de consolidation de la paix dans lequel des militants de la consolidation de la paix organisent des r\u00e9unions dans les communaut\u00e9s o\u00f9 les gens peuvent discuter de probl\u00e8mes pratiques qui emp\u00eachent les individus, les familles, les clans et les communaut\u00e9s de vivre en harmonie. Il y a plus de 8 ans, ESADER a envoy\u00e9 3 chefs religieux au Rwanda pour suivre une formation sur la paix et la r\u00e9conciliation. De retour en RDC, ils ont form\u00e9 des militants de la paix et de la r\u00e9conciliation qui ont fait leur travail dans la communaut\u00e9 par le biais de r\u00e9unions, de s\u00e9minaires, de pr\u00e9dications et \u00e9galement par le biais d\u2019\u00e9missions radiophoniques sur Umoja FM qui joue un r\u00f4le multisectoriel dans la communaut\u00e9.<\/p>\t\t\t\t\t\t\t\t<\/div>\n\t\t\t\t<\/div>\n\t\t\t\t\t<\/div>\n\t\t\t\t<\/div>\n\t\t<div class=\"elementor-element elementor-element-43e05b0 e-grid e-con-boxed e-con e-parent\" data-id=\"43e05b0\" data-element_type=\"container\">\n\t\t\t\t\t<div class=\"e-con-inner\">\n\t\t\t\t<div class=\"elementor-element elementor-element-75e9795 elementor-widget elementor-widget-image\" data-id=\"75e9795\" data-element_type=\"widget\" data-widget_type=\"image.default\">\n\t\t\t\t<div class=\"elementor-widget-container\">\n\t\t\t\t\t\t\t\t\t\t\t\t\t\t\t<img fetchpriority=\"high\" decoding=\"async\" width=\"510\" height=\"373\" src=\"https:\/\/esader-drc.org\/wp-content\/uploads\/2024\/08\/48-mk3yLJNzGku5Jq7B.avif\" class=\"attachment-large size-large wp-image-183\" alt=\"\" srcset=\"https:\/\/esader-drc.org\/wp-content\/uploads\/2024\/08\/48-mk3yLJNzGku5Jq7B.avif 510w, https:\/\/esader-drc.org\/wp-content\/uploads\/2024\/08\/48-mk3yLJNzGku5Jq7B-300x219.avif 300w\" sizes=\"(max-width: 510px) 100vw, 510px\" \/>\t\t\t\t\t\t\t\t\t\t\t\t\t\t\t<\/div>\n\t\t\t\t<\/div>\n\t\t\t\t<div class=\"elementor-element elementor-element-685a0f9 elementor-widget elementor-widget-image\" data-id=\"685a0f9\" data-element_type=\"widget\" data-widget_type=\"image.default\">\n\t\t\t\t<div class=\"elementor-widget-container\">\n\t\t\t\t\t\t\t\t\t\t\t\t\t\t\t<img decoding=\"async\" width=\"490\" height=\"371\" src=\"https:\/\/esader-drc.org\/wp-content\/uploads\/2024\/08\/49-YD0Djw06laC3J2o2.avif\" class=\"attachment-large size-large wp-image-184\" alt=\"\" srcset=\"https:\/\/esader-drc.org\/wp-content\/uploads\/2024\/08\/49-YD0Djw06laC3J2o2.avif 490w, https:\/\/esader-drc.org\/wp-content\/uploads\/2024\/08\/49-YD0Djw06laC3J2o2-300x227.avif 300w\" sizes=\"(max-width: 490px) 100vw, 490px\" \/>\t\t\t\t\t\t\t\t\t\t\t\t\t\t\t<\/div>\n\t\t\t\t<\/div>\n\t\t\t\t\t<\/div>\n\t\t\t\t<\/div>\n\t\t<div class=\"elementor-element elementor-element-0d0328c e-flex e-con-boxed e-con e-parent\" data-id=\"0d0328c\" data-element_type=\"container\">\n\t\t\t\t\t<div class=\"e-con-inner\">\n\t\t\t\t<div class=\"elementor-element elementor-element-deb65c0 elementor-widget elementor-widget-text-editor\" data-id=\"deb65c0\" data-element_type=\"widget\" data-widget_type=\"text-editor.default\">\n\t\t\t\t<div class=\"elementor-widget-container\">\n\t\t\t\t\t\t\t\t\t<p>Malgr\u00e9 les nombreux d\u00e9fis, l\u2019\u00e9quipe d\u2019Umoja FM continue de travailler dur pour s\u2019assurer qu\u2019elle implique les communaut\u00e9s et les prestataires de services de sant\u00e9 et de d\u00e9veloppement dans ses activit\u00e9s quotidiennes afin de r\u00e9pondre aux vastes besoins et aux nombreux d\u00e9fis, elle continue d\u2019amplifier les voix de ses propres communaut\u00e9s, pour \u00eatre entendues, en bonne sant\u00e9, autonomes et promouvoir la paix et la r\u00e9conciliation dans toute la r\u00e9gion. Un nouveau et magnifique b\u00e2timent pour Umoja est actuellement en construction.<\/p>\t\t\t\t\t\t\t\t<\/div>\n\t\t\t\t<\/div>\n\t\t\t\t\t<\/div>\n\t\t\t\t<\/div>\n\t\t<div class=\"elementor-element elementor-element-93f0c60 e-flex e-con-boxed e-con e-parent\" data-id=\"93f0c60\" data-element_type=\"container\">\n\t\t\t\t\t<div class=\"e-con-inner\">\n\t\t\t\t<div class=\"elementor-element elementor-element-48134c0 elementor-widget elementor-widget-heading\" data-id=\"48134c0\" data-element_type=\"widget\" data-widget_type=\"heading.default\">\n\t\t\t\t<div class=\"elementor-widget-container\">\n\t\t\t\t\t<h3 class=\"elementor-heading-title elementor-size-default\">Nouveau b\u00e2timent d'Umoja FM en construction (\u00e0 gauche) et \u00e0 quoi il ressemblera une fois termin\u00e9 (\u00e0 droite)<\/h3>\t\t\t\t<\/div>\n\t\t\t\t<\/div>\n\t\t\t\t\t<\/div>\n\t\t\t\t<\/div>\n\t\t<div class=\"elementor-element elementor-element-8a8d8dd e-grid e-con-boxed e-con e-parent\" data-id=\"8a8d8dd\" data-element_type=\"container\">\n\t\t\t\t\t<div class=\"e-con-inner\">\n\t\t\t\t<div class=\"elementor-element elementor-element-5006aaf elementor-widget elementor-widget-image\" data-id=\"5006aaf\" data-element_type=\"widget\" data-widget_type=\"image.default\">\n\t\t\t\t<div class=\"elementor-widget-container\">\n\t\t\t\t\t\t\t\t\t\t\t\t\t\t\t<img decoding=\"async\" width=\"556\" height=\"327\" src=\"https:\/\/esader-drc.org\/wp-content\/uploads\/2024\/08\/52-YKbaolavwVizr2g5.avif\" class=\"attachment-large size-large wp-image-185\" alt=\"\" srcset=\"https:\/\/esader-drc.org\/wp-content\/uploads\/2024\/08\/52-YKbaolavwVizr2g5.avif 556w, https:\/\/esader-drc.org\/wp-content\/uploads\/2024\/08\/52-YKbaolavwVizr2g5-300x176.avif 300w\" sizes=\"(max-width: 556px) 100vw, 556px\" \/>\t\t\t\t\t\t\t\t\t\t\t\t\t\t\t<\/div>\n\t\t\t\t<\/div>\n\t\t\t\t<div class=\"elementor-element elementor-element-2447576 elementor-widget elementor-widget-image\" data-id=\"2447576\" data-element_type=\"widget\" data-widget_type=\"image.default\">\n\t\t\t\t<div class=\"elementor-widget-container\">\n\t\t\t\t\t\t\t\t\t\t\t\t\t\t\t<img loading=\"lazy\" decoding=\"async\" width=\"380\" height=\"224\" src=\"https:\/\/esader-drc.org\/wp-content\/uploads\/2024\/08\/51-ALpOXPOG54FMOxKz.avif\" class=\"attachment-large size-large wp-image-186\" alt=\"\" srcset=\"https:\/\/esader-drc.org\/wp-content\/uploads\/2024\/08\/51-ALpOXPOG54FMOxKz.avif 380w, https:\/\/esader-drc.org\/wp-content\/uploads\/2024\/08\/51-ALpOXPOG54FMOxKz-300x177.avif 300w\" sizes=\"(max-width: 380px) 100vw, 380px\" \/>\t\t\t\t\t\t\t\t\t\t\t\t\t\t\t<\/div>\n\t\t\t\t<\/div>\n\t\t\t\t\t<\/div>\n\t\t\t\t<\/div>\n\t\t<div class=\"elementor-element elementor-element-a00b2e6 e-flex e-con-boxed e-con e-parent\" data-id=\"a00b2e6\" data-element_type=\"container\">\n\t\t\t\t\t<div class=\"e-con-inner\">\n\t\t\t\t<div class=\"elementor-element elementor-element-5d3c1da elementor-align-center elementor-invisible elementor-widget elementor-widget-button\" data-id=\"5d3c1da\" data-element_type=\"widget\" data-settings=\"{&quot;_animation&quot;:&quot;fadeInUp&quot;}\" data-widget_type=\"button.default\">\n\t\t\t\t<div class=\"elementor-widget-container\">\n\t\t\t\t\t\t\t\t\t<div class=\"elementor-button-wrapper\">\n\t\t\t\t\t<a class=\"elementor-button elementor-size-sm\" role=\"button\">\n\t\t\t\t\t\t<span class=\"elementor-button-content-wrapper\">\n\t\t\t\t\t\t<span class=\"elementor-button-icon\">\n\t\t\t\t<svg aria-hidden=\"true\" class=\"e-font-icon-svg e-fas-angle-right\" viewbox=\"0 0 256 512\" xmlns=\"http:\/\/www.w3.org\/2000\/svg\"><path d=\"M224.3 273l-136 136c-9.4 9.4-24.6 9.4-33.9 0l-22.6-22.6c-9.4-9.4-9.4-24.6 0-33.9l96.4-96.4-96.4-96.4c-9.4-9.4-9.4-24.6 0-33.9L54.3 103c9.4-9.4 24.6-9.4 33.9 0l136 136c9.5 9.4 9.5 24.6.1 34z\"><\/path><\/svg>\t\t\t<\/span>\n\t\t\t\t\t\t\t\t\t<span class=\"elementor-button-text\">NOTRE \u00c9QUIPE <\/span>\n\t\t\t\t\t<\/span>\n\t\t\t\t\t<\/a>\n\t\t\t\t<\/div>\n\t\t\t\t\t\t\t\t<\/div>\n\t\t\t\t<\/div>\n\t\t\t\t\t<\/div>\n\t\t\t\t<\/div>\n\t\t<div class=\"elementor-element elementor-element-4ed5853 e-grid e-con-boxed elementor-invisible e-con e-parent\" data-id=\"4ed5853\" data-element_type=\"container\" data-settings=\"{&quot;animation&quot;:&quot;fadeInLeft&quot;}\">\n\t\t\t\t\t<div class=\"e-con-inner\">\n\t\t<div class=\"elementor-element elementor-element-94fd5d8 e-con-full e-flex e-con e-child\" data-id=\"94fd5d8\" data-element_type=\"container\" data-settings=\"{&quot;animation&quot;:&quot;none&quot;}\">\n\t\t\t\t<div class=\"elementor-element elementor-element-7834c94 elementor-widget elementor-widget-image\" data-id=\"7834c94\" data-element_type=\"widget\" data-widget_type=\"image.default\">\n\t\t\t\t<div class=\"elementor-widget-container\">\n\t\t\t\t\t\t\t\t\t\t\t\t\t\t\t<img loading=\"lazy\" decoding=\"async\" width=\"150\" height=\"150\" src=\"https:\/\/esader-drc.org\/wp-content\/uploads\/2024\/08\/whatsapp-image-2023-11-10-a-10.10.28_7c1ea693-A3QPo4nRzjhBDNeJ-removebg-preview-150x150.png\" class=\"attachment-thumbnail size-thumbnail wp-image-219\" alt=\"\" \/>\t\t\t\t\t\t\t\t\t\t\t\t\t\t\t<\/div>\n\t\t\t\t<\/div>\n\t\t\t\t<div class=\"elementor-element elementor-element-253e8f9 elementor-widget elementor-widget-heading\" data-id=\"253e8f9\" data-element_type=\"widget\" data-widget_type=\"heading.default\">\n\t\t\t\t<div class=\"elementor-widget-container\">\n\t\t\t\t\t<h4 class=\"elementor-heading-title elementor-size-default\">Professeur Sadiki Byombuka Onesime<\/h4>\t\t\t\t<\/div>\n\t\t\t\t<\/div>\n\t\t\t\t<div class=\"elementor-element elementor-element-0f2ebea elementor-widget elementor-widget-heading\" data-id=\"0f2ebea\" data-element_type=\"widget\" data-widget_type=\"heading.default\">\n\t\t\t\t<div class=\"elementor-widget-container\">\n\t\t\t\t\t<h3 class=\"elementor-heading-title elementor-size-default\">PCA<\/h3>\t\t\t\t<\/div>\n\t\t\t\t<\/div>\n\t\t\t\t<\/div>\n\t\t<div class=\"elementor-element elementor-element-bfd7872 e-con-full e-flex e-con e-child\" data-id=\"bfd7872\" data-element_type=\"container\">\n\t\t\t\t<div class=\"elementor-element elementor-element-487613f elementor-widget elementor-widget-image\" data-id=\"487613f\" data-element_type=\"widget\" data-widget_type=\"image.default\">\n\t\t\t\t<div class=\"elementor-widget-container\">\n\t\t\t\t\t\t\t\t\t\t\t\t\t\t\t<img loading=\"lazy\" decoding=\"async\" width=\"150\" height=\"150\" src=\"https:\/\/esader-drc.org\/wp-content\/uploads\/2024\/08\/whatsapp-image-2023-11-04-a-20.24.19_60ebf424-YZ97pyEnE8cxvXKp-_1_-removebg-preview-150x150.png\" class=\"attachment-thumbnail size-thumbnail wp-image-217\" alt=\"\" \/>\t\t\t\t\t\t\t\t\t\t\t\t\t\t\t<\/div>\n\t\t\t\t<\/div>\n\t\t\t\t<div class=\"elementor-element elementor-element-d6cefa4 elementor-widget elementor-widget-heading\" data-id=\"d6cefa4\" data-element_type=\"widget\" data-widget_type=\"heading.default\">\n\t\t\t\t<div class=\"elementor-widget-container\">\n\t\t\t\t\t<h4 class=\"elementor-heading-title elementor-size-default\">M. Balisema Kadukima Albert<\/h4>\t\t\t\t<\/div>\n\t\t\t\t<\/div>\n\t\t\t\t<div class=\"elementor-element elementor-element-a81aa86 elementor-widget elementor-widget-heading\" data-id=\"a81aa86\" data-element_type=\"widget\" data-widget_type=\"heading.default\">\n\t\t\t\t<div class=\"elementor-widget-container\">\n\t\t\t\t\t<h3 class=\"elementor-heading-title elementor-size-default\">CEO<\/h3>\t\t\t\t<\/div>\n\t\t\t\t<\/div>\n\t\t\t\t<\/div>\n\t\t<div class=\"elementor-element elementor-element-4c70b86 e-con-full e-flex e-con e-child\" data-id=\"4c70b86\" data-element_type=\"container\">\n\t\t\t\t<div class=\"elementor-element elementor-element-6ffca51 elementor-widget elementor-widget-image\" data-id=\"6ffca51\" data-element_type=\"widget\" data-widget_type=\"image.default\">\n\t\t\t\t<div class=\"elementor-widget-container\">\n\t\t\t\t\t\t\t\t\t\t\t\t\t\t\t<img loading=\"lazy\" decoding=\"async\" width=\"150\" height=\"150\" src=\"https:\/\/esader-drc.org\/wp-content\/uploads\/2024\/08\/ae1636e9-17b0-40f0-89df-68c8789500ed-mk3ykvQ8ReFyw5oe-removebg-preview-150x150.png\" class=\"attachment-thumbnail size-thumbnail wp-image-218\" alt=\"\" \/>\t\t\t\t\t\t\t\t\t\t\t\t\t\t\t<\/div>\n\t\t\t\t<\/div>\n\t\t\t\t<div class=\"elementor-element elementor-element-cf6c61d elementor-widget elementor-widget-heading\" data-id=\"cf6c61d\" data-element_type=\"widget\" data-widget_type=\"heading.default\">\n\t\t\t\t<div class=\"elementor-widget-container\">\n\t\t\t\t\t<h4 class=\"elementor-heading-title elementor-size-default\">Achille Sibka - Sibka<\/h4>\t\t\t\t<\/div>\n\t\t\t\t<\/div>\n\t\t\t\t<div class=\"elementor-element elementor-element-6f981f9 elementor-widget elementor-widget-heading\" data-id=\"6f981f9\" data-element_type=\"widget\" data-widget_type=\"heading.default\">\n\t\t\t\t<div class=\"elementor-widget-container\">\n\t\t\t\t\t<h3 class=\"elementor-heading-title elementor-size-default\">Comptable<\/h3>\t\t\t\t<\/div>\n\t\t\t\t<\/div>\n\t\t\t\t<\/div>\n\t\t\t\t\t<\/div>\n\t\t\t\t<\/div>\n\t\t<div class=\"elementor-element elementor-element-c584e28 e-flex e-con-boxed e-con e-parent\" data-id=\"c584e28\" data-element_type=\"container\">\n\t\t\t\t\t<div class=\"e-con-inner\">\n\t\t\t\t<div class=\"elementor-element elementor-element-06a78f4 elementor-align-center elementor-invisible elementor-widget elementor-widget-button\" data-id=\"06a78f4\" data-element_type=\"widget\" data-settings=\"{&quot;_animation&quot;:&quot;fadeInUp&quot;}\" data-widget_type=\"button.default\">\n\t\t\t\t<div class=\"elementor-widget-container\">\n\t\t\t\t\t\t\t\t\t<div class=\"elementor-button-wrapper\">\n\t\t\t\t\t<a class=\"elementor-button elementor-size-sm\" role=\"button\">\n\t\t\t\t\t\t<span class=\"elementor-button-content-wrapper\">\n\t\t\t\t\t\t<span class=\"elementor-button-icon\">\n\t\t\t\t<svg aria-hidden=\"true\" class=\"e-font-icon-svg e-fas-angle-right\" viewbox=\"0 0 256 512\" xmlns=\"http:\/\/www.w3.org\/2000\/svg\"><path d=\"M224.3 273l-136 136c-9.4 9.4-24.6 9.4-33.9 0l-22.6-22.6c-9.4-9.4-9.4-24.6 0-33.9l96.4-96.4-96.4-96.4c-9.4-9.4-9.4-24.6 0-33.9L54.3 103c9.4-9.4 24.6-9.4 33.9 0l136 136c9.5 9.4 9.5 24.6.1 34z\"><\/path><\/svg>\t\t\t<\/span>\n\t\t\t\t\t\t\t\t\t<span class=\"elementor-button-text\">NOS PARTENAIRES <\/span>\n\t\t\t\t\t<\/span>\n\t\t\t\t\t<\/a>\n\t\t\t\t<\/div>\n\t\t\t\t\t\t\t\t<\/div>\n\t\t\t\t<\/div>\n\t\t\t\t\t<\/div>\n\t\t\t\t<\/div>\n\t\t<div class=\"elementor-element elementor-element-7ded3cd animated-slow e-flex e-con-boxed elementor-invisible e-con e-parent\" data-id=\"7ded3cd\" data-element_type=\"container\" data-settings=\"{&quot;animation&quot;:&quot;fadeInLeft&quot;}\">\n\t\t\t\t\t<div class=\"e-con-inner\">\n\t\t\t\t<div class=\"elementor-element elementor-element-50aec73 elementor-widget elementor-widget-image\" data-id=\"50aec73\" data-element_type=\"widget\" data-widget_type=\"image.default\">\n\t\t\t\t<div class=\"elementor-widget-container\">\n\t\t\t\t\t\t\t\t\t\t\t\t\t\t\t<img loading=\"lazy\" decoding=\"async\" width=\"1024\" height=\"242\" src=\"https:\/\/esader-drc.org\/wp-content\/uploads\/2024\/08\/parteners_true-removebg-preview-1024x242.png\" class=\"attachment-large size-large wp-image-73\" alt=\"\" srcset=\"https:\/\/esader-drc.org\/wp-content\/uploads\/2024\/08\/parteners_true-removebg-preview-1024x242.png 1024w, https:\/\/esader-drc.org\/wp-content\/uploads\/2024\/08\/parteners_true-removebg-preview-300x71.png 300w, https:\/\/esader-drc.org\/wp-content\/uploads\/2024\/08\/parteners_true-removebg-preview-768x182.png 768w, https:\/\/esader-drc.org\/wp-content\/uploads\/2024\/08\/parteners_true-removebg-preview.png 1027w\" sizes=\"(max-width: 1024px) 100vw, 1024px\" \/>\t\t\t\t\t\t\t\t\t\t\t\t\t\t\t<\/div>\n\t\t\t\t<\/div>\n\t\t\t\t\t<\/div>\n\t\t\t\t<\/div>\n\t\t\t\t<section class=\"elementor-section elementor-top-section elementor-element elementor-element-f2a11df elementor-section-boxed elementor-section-height-default elementor-section-height-default\" data-id=\"f2a11df\" data-element_type=\"section\" data-settings=\"{&quot;background_background&quot;:&quot;classic&quot;}\">\n\t\t\t\t\t\t<div class=\"elementor-container elementor-column-gap-default\">\n\t\t\t\t\t<div class=\"elementor-column elementor-col-33 elementor-top-column elementor-element elementor-element-fe6d90a\" data-id=\"fe6d90a\" data-element_type=\"column\">\n\t\t\t<div class=\"elementor-widget-wrap elementor-element-populated\">\n\t\t\t\t\t\t<div class=\"elementor-element elementor-element-50703eb elementor-widget elementor-widget-text-editor\" data-id=\"50703eb\" data-element_type=\"widget\" data-widget_type=\"text-editor.default\">\n\t\t\t\t<div class=\"elementor-widget-container\">\n\t\t\t\t\t\t\t\t\t<p>Mail: esader.ong@gmail.com<br \/>Tel: +243 998677832<br \/>Site web: esader-drc.org<br \/>Skype: albert17879<\/p>\t\t\t\t\t\t\t\t<\/div>\n\t\t\t\t<\/div>\n\t\t\t\t\t<\/div>\n\t\t<\/div>\n\t\t\t\t<div class=\"elementor-column elementor-col-33 elementor-top-column elementor-element elementor-element-3396053\" data-id=\"3396053\" data-element_type=\"column\">\n\t\t\t<div class=\"elementor-widget-wrap elementor-element-populated\">\n\t\t\t\t\t\t<div class=\"elementor-element elementor-element-7b4e1c3 elementor-widget elementor-widget-text-editor\" data-id=\"7b4e1c3\" data-element_type=\"widget\" data-widget_type=\"text-editor.default\">\n\t\t\t\t<div class=\"elementor-widget-container\">\n\t\t\t\t\t\t\t\t\t<p>Copyright \u00a9 2024 esader-drc.org<br \/>Termes et Conditions <br \/>Politique de Confidentialit\u00e9<\/p>\t\t\t\t\t\t\t\t<\/div>\n\t\t\t\t<\/div>\n\t\t\t\t\t<\/div>\n\t\t<\/div>\n\t\t\t\t<div class=\"elementor-column elementor-col-33 elementor-top-column elementor-element elementor-element-1a318aa\" data-id=\"1a318aa\" data-element_type=\"column\">\n\t\t\t<div class=\"elementor-widget-wrap elementor-element-populated\">\n\t\t\t\t\t\t<div class=\"elementor-element elementor-element-ae89bd9 elementor-widget elementor-widget-text-editor\" data-id=\"ae89bd9\" data-element_type=\"widget\" data-widget_type=\"text-editor.default\">\n\t\t\t\t<div class=\"elementor-widget-container\">\n\t\t\t\t\t\t\t\t\t<p>1. Direction g\u00e9n\u00e9rale : N\u00b0 25, AV. chute de Lofoy, Quartier Itimbiri Commune de Kintambo, ville de Kinshasa, RDC<\/p><p>2. Antenne de Beni : N0 49, Q.Tamende,, C.Mulekera, Ville de Beni, RDC<\/p>\t\t\t\t\t\t\t\t<\/div>\n\t\t\t\t<\/div>\n\t\t\t\t\t<\/div>\n\t\t<\/div>\n\t\t\t\t\t<\/div>\n\t\t<\/section>\n\t\t<div class=\"elementor-element elementor-element-612a743 e-flex e-con-boxed e-con e-parent\" data-id=\"612a743\" data-element_type=\"container\" data-settings=\"{&quot;background_background&quot;:&quot;classic&quot;}\">\n\t\t\t\t\t<div class=\"e-con-inner\">\n\t\t\t\t<div class=\"elementor-element elementor-element-ef5a7c9 elementor-widget-divider--view-line elementor-widget elementor-widget-divider\" data-id=\"ef5a7c9\" data-element_type=\"widget\" data-widget_type=\"divider.default\">\n\t\t\t\t<div class=\"elementor-widget-container\">\n\t\t\t\t\t\t\t<div class=\"elementor-divider\">\n\t\t\t<span class=\"elementor-divider-separator\">\n\t\t\t\t\t\t<\/span>\n\t\t<\/div>\n\t\t\t\t\t\t<\/div>\n\t\t\t\t<\/div>\n\t\t\t\t<div class=\"elementor-element elementor-element-f68eb8f elementor-widget elementor-widget-text-editor\" data-id=\"f68eb8f\" data-element_type=\"widget\" data-widget_type=\"text-editor.default\">\n\t\t\t\t<div class=\"elementor-widget-container\">\n\t\t\t\t\t\t\t\t\t<p>Designed <b>&amp;<\/b> developed by\u00a0 <a style=\"color: #ffd230;\" href=\"https:\/\/wa.me\/243978309706\">KING OSADO<\/a><\/p>\t\t\t\t\t\t\t\t<\/div>\n\t\t\t\t<\/div>\n\t\t\t\t\t<\/div>\n\t\t\t\t<\/div>\n\t\t\t\t<\/div>","protected":false},"excerpt":{"rendered":"<p>Consolidation de la paix et r\u00e9conciliation La RDC et principalement l\u2019Est du pays sont le th\u00e9\u00e2tre de violences r\u00e9currentes depuis [&hellip;]<\/p>","protected":false},"author":1,"featured_media":0,"parent":0,"menu_order":0,"comment_status":"closed","ping_status":"closed","template":"","meta":{"site-sidebar-layout":"no-sidebar","site-content-layout":"","ast-site-content-layout":"full-width-container","site-content-style":"default","site-sidebar-style":"default","ast-global-header-display":"","ast-banner-title-visibility":"","ast-main-header-display":"","ast-hfb-above-header-display":"","ast-hfb-below-header-display":"","ast-hfb-mobile-header-display":"","site-post-title":"disabled","ast-breadcrumbs-content":"","ast-featured-img":"disabled","footer-sml-layout":"","theme-transparent-header-meta":"","adv-header-id-meta":"","stick-header-meta":"","header-above-stick-meta":"","header-main-stick-meta":"","header-below-stick-meta":"","astra-migrate-meta-layouts":"default","ast-page-background-enabled":"default","ast-page-background-meta":{"desktop":{"background-color":"var(--ast-global-color-4)","background-image":"","background-repeat":"repeat","background-position":"center center","background-size":"auto","background-attachment":"scroll","background-type":"","background-media":"","overlay-type":"","overlay-color":"","overlay-opacity":"","overlay-gradient":""},"tablet":{"background-color":"","background-image":"","background-repeat":"repeat","background-position":"center center","background-size":"auto","background-attachment":"scroll","background-type":"","background-media":"","overlay-type":"","overlay-color":"","overlay-opacity":"","overlay-gradient":""},"mobile":{"background-color":"","background-image":"","background-repeat":"repeat","background-position":"center center","background-size":"auto","background-attachment":"scroll","background-type":"","background-media":"","overlay-type":"","overlay-color":"","overlay-opacity":"","overlay-gradient":""}},"ast-content-background-meta":{"desktop":{"background-color":"var(--ast-global-color-5)","background-image":"","background-repeat":"repeat","background-position":"center center","background-size":"auto","background-attachment":"scroll","background-type":"","background-media":"","overlay-type":"","overlay-color":"","overlay-opacity":"","overlay-gradient":""},"tablet":{"background-color":"var(--ast-global-color-5)","background-image":"","background-repeat":"repeat","background-position":"center center","background-size":"auto","background-attachment":"scroll","background-type":"","background-media":"","overlay-type":"","overlay-color":"","overlay-opacity":"","overlay-gradient":""},"mobile":{"background-color":"var(--ast-global-color-5)","background-image":"","background-repeat":"repeat","background-position":"center center","background-size":"auto","background-attachment":"scroll","background-type":"","background-media":"","overlay-type":"","overlay-color":"","overlay-opacity":"","overlay-gradient":""}},"footnotes":""},"class_list":["post-180","page","type-page","status-publish","hentry"],"_links":{"self":[{"href":"https:\/\/esader-drc.org\/en\/wp-json\/wp\/v2\/pages\/180","targetHints":{"allow":["GET"]}}],"collection":[{"href":"https:\/\/esader-drc.org\/en\/wp-json\/wp\/v2\/pages"}],"about":[{"href":"https:\/\/esader-drc.org\/en\/wp-json\/wp\/v2\/types\/page"}],"author":[{"embeddable":true,"href":"https:\/\/esader-drc.org\/en\/wp-json\/wp\/v2\/users\/1"}],"replies":[{"embeddable":true,"href":"https:\/\/esader-drc.org\/en\/wp-json\/wp\/v2\/comments?post=180"}],"version-history":[{"count":10,"href":"https:\/\/esader-drc.org\/en\/wp-json\/wp\/v2\/pages\/180\/revisions"}],"predecessor-version":[{"id":278,"href":"https:\/\/esader-drc.org\/en\/wp-json\/wp\/v2\/pages\/180\/revisions\/278"}],"wp:attachment":[{"href":"https:\/\/esader-drc.org\/en\/wp-json\/wp\/v2\/media?parent=180"}],"curies":[{"name":"wp","href":"https:\/\/api.w.org\/{rel}","templated":true}]}}