{"id":148,"date":"2024-08-23T08:41:21","date_gmt":"2024-08-23T08:41:21","guid":{"rendered":"https:\/\/esader-drc.org\/?page_id=148"},"modified":"2024-08-23T12:45:44","modified_gmt":"2024-08-23T12:45:44","slug":"soutien-scolaire-aux-orphelins-et-aux-enfants-vulnerables","status":"publish","type":"page","link":"https:\/\/esader-drc.org\/en\/soutien-scolaire-aux-orphelins-et-aux-enfants-vulnerables\/","title":{"rendered":"Soutien scolaire aux orphelins et aux enfants vuln\u00e9rables"},"content":{"rendered":"<div data-elementor-type=\"wp-page\" data-elementor-id=\"148\" class=\"elementor elementor-148\">\n\t\t\t\t\t\t<section class=\"elementor-section elementor-top-section elementor-element elementor-element-d7dac2e elementor-section-boxed elementor-section-height-default elementor-section-height-default\" data-id=\"d7dac2e\" data-element_type=\"section\">\n\t\t\t\t\t\t<div class=\"elementor-container elementor-column-gap-default\">\n\t\t\t\t\t<div class=\"elementor-column elementor-col-100 elementor-top-column elementor-element elementor-element-b69b80a\" data-id=\"b69b80a\" data-element_type=\"column\">\n\t\t\t<div class=\"elementor-widget-wrap\">\n\t\t\t\t\t\t\t<\/div>\n\t\t<\/div>\n\t\t\t\t\t<\/div>\n\t\t<\/section>\n\t\t<div class=\"elementor-element elementor-element-5219dc9 e-flex e-con-boxed e-con e-parent\" data-id=\"5219dc9\" data-element_type=\"container\">\n\t\t\t\t\t<div class=\"e-con-inner\">\n\t\t\t\t<div class=\"elementor-element elementor-element-edff9ba elementor-widget elementor-widget-heading\" data-id=\"edff9ba\" data-element_type=\"widget\" data-widget_type=\"heading.default\">\n\t\t\t\t<div class=\"elementor-widget-container\">\n\t\t\t\t\t<h2 class=\"elementor-heading-title elementor-size-default\">Soutien scolaire aux orphelins et aux enfants vuln\u00e9rables<\/h2>\t\t\t\t<\/div>\n\t\t\t\t<\/div>\n\t\t\t\t\t<\/div>\n\t\t\t\t<\/div>\n\t\t<div class=\"elementor-element elementor-element-cb64b4c e-flex e-con-boxed e-con e-parent\" data-id=\"cb64b4c\" data-element_type=\"container\">\n\t\t\t\t\t<div class=\"e-con-inner\">\n\t\t\t\t<div class=\"elementor-element elementor-element-43f402b elementor-widget-divider--view-line elementor-widget elementor-widget-divider\" data-id=\"43f402b\" data-element_type=\"widget\" data-widget_type=\"divider.default\">\n\t\t\t\t<div class=\"elementor-widget-container\">\n\t\t\t\t\t\t\t<div class=\"elementor-divider\">\n\t\t\t<span class=\"elementor-divider-separator\">\n\t\t\t\t\t\t<\/span>\n\t\t<\/div>\n\t\t\t\t\t\t<\/div>\n\t\t\t\t<\/div>\n\t\t\t\t\t<\/div>\n\t\t\t\t<\/div>\n\t\t<div class=\"elementor-element elementor-element-664c747 e-flex e-con-boxed e-con e-parent\" data-id=\"664c747\" data-element_type=\"container\">\n\t\t\t\t\t<div class=\"e-con-inner\">\n\t\t\t\t<div class=\"elementor-element elementor-element-ad49ff2 elementor-widget elementor-widget-text-editor\" data-id=\"ad49ff2\" data-element_type=\"widget\" data-widget_type=\"text-editor.default\">\n\t\t\t\t<div class=\"elementor-widget-container\">\n\t\t\t\t\t\t\t\t\t<p>Les massacres perp\u00e9tr\u00e9s par les rebelles ADF ont laiss\u00e9 derri\u00e8re eux des milliers de veuves et des centaines d\u2019orphelins et d\u2019enfants vuln\u00e9rables dont le nombre augmente de jour en jour sans aucune assistance ou avec tr\u00e8s peu d\u2019assistance. Depuis 2014, l\u2019ESADER a d\u00e9velopp\u00e9 un programme pour aider et tenter de r\u00e9pondre \u00e0 certains besoins des enfants orphelins de guerre et autres enfants vuln\u00e9rables qui n\u2019ont pas acc\u00e8s \u00e0 l\u2019\u00e9ducation.<\/p><p>L&rsquo;appui de l&rsquo;ESADER aux orphelins se traduit par le paiement des frais de scolarit\u00e9 et la fourniture de fournitures scolaires telles que des uniformes, des cahiers, du mat\u00e9riel sanitaire, etc. Certains de ces orphelins \u00e9tudient d\u00e9j\u00e0 au niveau universitaire, et d&rsquo;autres sont d\u00e9j\u00e0 dans la vie active.<\/p>\t\t\t\t\t\t\t\t<\/div>\n\t\t\t\t<\/div>\n\t\t\t\t\t<\/div>\n\t\t\t\t<\/div>\n\t\t<div class=\"elementor-element elementor-element-56c862d e-flex e-con-boxed e-con e-parent\" data-id=\"56c862d\" data-element_type=\"container\">\n\t\t\t\t\t<div class=\"e-con-inner\">\n\t\t\t\t<div class=\"elementor-element elementor-element-134299c elementor-widget elementor-widget-heading\" data-id=\"134299c\" data-element_type=\"widget\" data-widget_type=\"heading.default\">\n\t\t\t\t<div class=\"elementor-widget-container\">\n\t\t\t\t\t<h3 class=\"elementor-heading-title elementor-size-default\">Quelques orphelins accompagn\u00e9s par l'ESADER dans leurs \u00e9tudes<\/h3>\t\t\t\t<\/div>\n\t\t\t\t<\/div>\n\t\t\t\t\t<\/div>\n\t\t\t\t<\/div>\n\t\t<div class=\"elementor-element elementor-element-43e05b0 e-grid e-con-boxed e-con e-parent\" data-id=\"43e05b0\" data-element_type=\"container\">\n\t\t\t\t\t<div class=\"e-con-inner\">\n\t\t\t\t<div class=\"elementor-element elementor-element-75e9795 elementor-widget elementor-widget-image\" data-id=\"75e9795\" data-element_type=\"widget\" data-widget_type=\"image.default\">\n\t\t\t\t<div class=\"elementor-widget-container\">\n\t\t\t\t\t\t\t\t\t\t\t\t\t\t\t<img fetchpriority=\"high\" decoding=\"async\" width=\"480\" height=\"320\" src=\"https:\/\/esader-drc.org\/wp-content\/uploads\/2024\/08\/18-A85ZlDGKNoFy6M6g.avif\" class=\"attachment-large size-large wp-image-151\" alt=\"\" srcset=\"https:\/\/esader-drc.org\/wp-content\/uploads\/2024\/08\/18-A85ZlDGKNoFy6M6g.avif 480w, https:\/\/esader-drc.org\/wp-content\/uploads\/2024\/08\/18-A85ZlDGKNoFy6M6g-300x200.avif 300w\" sizes=\"(max-width: 480px) 100vw, 480px\" \/>\t\t\t\t\t\t\t\t\t\t\t\t\t\t\t<\/div>\n\t\t\t\t<\/div>\n\t\t\t\t<div class=\"elementor-element elementor-element-685a0f9 elementor-widget elementor-widget-image\" data-id=\"685a0f9\" data-element_type=\"widget\" data-widget_type=\"image.default\">\n\t\t\t\t<div class=\"elementor-widget-container\">\n\t\t\t\t\t\t\t\t\t\t\t\t\t\t\t<img decoding=\"async\" width=\"480\" height=\"320\" src=\"https:\/\/esader-drc.org\/wp-content\/uploads\/2024\/08\/37-YrD6QeM4xKIWb45e.avif\" class=\"attachment-large size-large wp-image-152\" alt=\"\" srcset=\"https:\/\/esader-drc.org\/wp-content\/uploads\/2024\/08\/37-YrD6QeM4xKIWb45e.avif 480w, https:\/\/esader-drc.org\/wp-content\/uploads\/2024\/08\/37-YrD6QeM4xKIWb45e-300x200.avif 300w\" sizes=\"(max-width: 480px) 100vw, 480px\" \/>\t\t\t\t\t\t\t\t\t\t\t\t\t\t\t<\/div>\n\t\t\t\t<\/div>\n\t\t\t\t\t<\/div>\n\t\t\t\t<\/div>\n\t\t<div class=\"elementor-element elementor-element-753d9cb e-flex e-con-boxed e-con e-parent\" data-id=\"753d9cb\" data-element_type=\"container\">\n\t\t\t\t\t<div class=\"e-con-inner\">\n\t\t\t\t<div class=\"elementor-element elementor-element-ea8b900 elementor-align-center elementor-invisible elementor-widget elementor-widget-button\" data-id=\"ea8b900\" data-element_type=\"widget\" data-settings=\"{&quot;_animation&quot;:&quot;fadeInUp&quot;}\" data-widget_type=\"button.default\">\n\t\t\t\t<div class=\"elementor-widget-container\">\n\t\t\t\t\t\t\t\t\t<div class=\"elementor-button-wrapper\">\n\t\t\t\t\t<a class=\"elementor-button elementor-size-sm\" role=\"button\">\n\t\t\t\t\t\t<span class=\"elementor-button-content-wrapper\">\n\t\t\t\t\t\t<span class=\"elementor-button-icon\">\n\t\t\t\t<svg aria-hidden=\"true\" class=\"e-font-icon-svg e-fas-angle-right\" viewbox=\"0 0 256 512\" xmlns=\"http:\/\/www.w3.org\/2000\/svg\"><path d=\"M224.3 273l-136 136c-9.4 9.4-24.6 9.4-33.9 0l-22.6-22.6c-9.4-9.4-9.4-24.6 0-33.9l96.4-96.4-96.4-96.4c-9.4-9.4-9.4-24.6 0-33.9L54.3 103c9.4-9.4 24.6-9.4 33.9 0l136 136c9.5 9.4 9.5 24.6.1 34z\"><\/path><\/svg>\t\t\t<\/span>\n\t\t\t\t\t\t\t\t\t<span class=\"elementor-button-text\">NOTRE \u00c9QUIPE <\/span>\n\t\t\t\t\t<\/span>\n\t\t\t\t\t<\/a>\n\t\t\t\t<\/div>\n\t\t\t\t\t\t\t\t<\/div>\n\t\t\t\t<\/div>\n\t\t\t\t\t<\/div>\n\t\t\t\t<\/div>\n\t\t<div class=\"elementor-element elementor-element-9ad9eff e-grid e-con-boxed elementor-invisible e-con e-parent\" data-id=\"9ad9eff\" data-element_type=\"container\" data-settings=\"{&quot;animation&quot;:&quot;fadeInLeft&quot;}\">\n\t\t\t\t\t<div class=\"e-con-inner\">\n\t\t<div class=\"elementor-element elementor-element-28e536f e-con-full e-flex e-con e-child\" data-id=\"28e536f\" data-element_type=\"container\" data-settings=\"{&quot;animation&quot;:&quot;none&quot;}\">\n\t\t\t\t<div class=\"elementor-element elementor-element-2f57f93 elementor-widget elementor-widget-image\" data-id=\"2f57f93\" data-element_type=\"widget\" data-widget_type=\"image.default\">\n\t\t\t\t<div class=\"elementor-widget-container\">\n\t\t\t\t\t\t\t\t\t\t\t\t\t\t\t<img decoding=\"async\" width=\"150\" height=\"150\" src=\"https:\/\/esader-drc.org\/wp-content\/uploads\/2024\/08\/whatsapp-image-2023-11-10-a-10.10.28_7c1ea693-A3QPo4nRzjhBDNeJ-removebg-preview-150x150.png\" class=\"attachment-thumbnail size-thumbnail wp-image-219\" alt=\"\" \/>\t\t\t\t\t\t\t\t\t\t\t\t\t\t\t<\/div>\n\t\t\t\t<\/div>\n\t\t\t\t<div class=\"elementor-element elementor-element-e43da1c elementor-widget elementor-widget-heading\" data-id=\"e43da1c\" data-element_type=\"widget\" data-widget_type=\"heading.default\">\n\t\t\t\t<div class=\"elementor-widget-container\">\n\t\t\t\t\t<h4 class=\"elementor-heading-title elementor-size-default\">Professeur Sadiki Byombuka Onesime<\/h4>\t\t\t\t<\/div>\n\t\t\t\t<\/div>\n\t\t\t\t<div class=\"elementor-element elementor-element-29c181c elementor-widget elementor-widget-heading\" data-id=\"29c181c\" data-element_type=\"widget\" data-widget_type=\"heading.default\">\n\t\t\t\t<div class=\"elementor-widget-container\">\n\t\t\t\t\t<h3 class=\"elementor-heading-title elementor-size-default\">PCA<\/h3>\t\t\t\t<\/div>\n\t\t\t\t<\/div>\n\t\t\t\t<\/div>\n\t\t<div class=\"elementor-element elementor-element-dd341a2 e-con-full e-flex e-con e-child\" data-id=\"dd341a2\" data-element_type=\"container\">\n\t\t\t\t<div class=\"elementor-element elementor-element-9c91e8d elementor-widget elementor-widget-image\" data-id=\"9c91e8d\" data-element_type=\"widget\" data-widget_type=\"image.default\">\n\t\t\t\t<div class=\"elementor-widget-container\">\n\t\t\t\t\t\t\t\t\t\t\t\t\t\t\t<img loading=\"lazy\" decoding=\"async\" width=\"150\" height=\"150\" src=\"https:\/\/esader-drc.org\/wp-content\/uploads\/2024\/08\/whatsapp-image-2023-11-04-a-20.24.19_60ebf424-YZ97pyEnE8cxvXKp-_1_-removebg-preview-150x150.png\" class=\"attachment-thumbnail size-thumbnail wp-image-217\" alt=\"\" \/>\t\t\t\t\t\t\t\t\t\t\t\t\t\t\t<\/div>\n\t\t\t\t<\/div>\n\t\t\t\t<div class=\"elementor-element elementor-element-8b45fb9 elementor-widget elementor-widget-heading\" data-id=\"8b45fb9\" data-element_type=\"widget\" data-widget_type=\"heading.default\">\n\t\t\t\t<div class=\"elementor-widget-container\">\n\t\t\t\t\t<h4 class=\"elementor-heading-title elementor-size-default\">M. Balisema Kadukima Albert<\/h4>\t\t\t\t<\/div>\n\t\t\t\t<\/div>\n\t\t\t\t<div class=\"elementor-element elementor-element-26be646 elementor-widget elementor-widget-heading\" data-id=\"26be646\" data-element_type=\"widget\" data-widget_type=\"heading.default\">\n\t\t\t\t<div class=\"elementor-widget-container\">\n\t\t\t\t\t<h3 class=\"elementor-heading-title elementor-size-default\">CEO<\/h3>\t\t\t\t<\/div>\n\t\t\t\t<\/div>\n\t\t\t\t<\/div>\n\t\t<div class=\"elementor-element elementor-element-bea5102 e-con-full e-flex e-con e-child\" data-id=\"bea5102\" data-element_type=\"container\">\n\t\t\t\t<div class=\"elementor-element elementor-element-87a8a63 elementor-widget elementor-widget-image\" data-id=\"87a8a63\" data-element_type=\"widget\" data-widget_type=\"image.default\">\n\t\t\t\t<div class=\"elementor-widget-container\">\n\t\t\t\t\t\t\t\t\t\t\t\t\t\t\t<img loading=\"lazy\" decoding=\"async\" width=\"150\" height=\"150\" src=\"https:\/\/esader-drc.org\/wp-content\/uploads\/2024\/08\/ae1636e9-17b0-40f0-89df-68c8789500ed-mk3ykvQ8ReFyw5oe-removebg-preview-150x150.png\" class=\"attachment-thumbnail size-thumbnail wp-image-218\" alt=\"\" \/>\t\t\t\t\t\t\t\t\t\t\t\t\t\t\t<\/div>\n\t\t\t\t<\/div>\n\t\t\t\t<div class=\"elementor-element elementor-element-675a96b elementor-widget elementor-widget-heading\" data-id=\"675a96b\" data-element_type=\"widget\" data-widget_type=\"heading.default\">\n\t\t\t\t<div class=\"elementor-widget-container\">\n\t\t\t\t\t<h4 class=\"elementor-heading-title elementor-size-default\">Achille Sibka - Sibka<\/h4>\t\t\t\t<\/div>\n\t\t\t\t<\/div>\n\t\t\t\t<div class=\"elementor-element elementor-element-b0ed08a elementor-widget elementor-widget-heading\" data-id=\"b0ed08a\" data-element_type=\"widget\" data-widget_type=\"heading.default\">\n\t\t\t\t<div class=\"elementor-widget-container\">\n\t\t\t\t\t<h3 class=\"elementor-heading-title elementor-size-default\">Comptable<\/h3>\t\t\t\t<\/div>\n\t\t\t\t<\/div>\n\t\t\t\t<\/div>\n\t\t\t\t\t<\/div>\n\t\t\t\t<\/div>\n\t\t<div class=\"elementor-element elementor-element-c584e28 e-flex e-con-boxed e-con e-parent\" data-id=\"c584e28\" data-element_type=\"container\">\n\t\t\t\t\t<div class=\"e-con-inner\">\n\t\t\t\t<div class=\"elementor-element elementor-element-06a78f4 elementor-align-center elementor-invisible elementor-widget elementor-widget-button\" data-id=\"06a78f4\" data-element_type=\"widget\" data-settings=\"{&quot;_animation&quot;:&quot;fadeInUp&quot;}\" data-widget_type=\"button.default\">\n\t\t\t\t<div class=\"elementor-widget-container\">\n\t\t\t\t\t\t\t\t\t<div class=\"elementor-button-wrapper\">\n\t\t\t\t\t<a class=\"elementor-button elementor-size-sm\" role=\"button\">\n\t\t\t\t\t\t<span class=\"elementor-button-content-wrapper\">\n\t\t\t\t\t\t<span class=\"elementor-button-icon\">\n\t\t\t\t<svg aria-hidden=\"true\" class=\"e-font-icon-svg e-fas-angle-right\" viewbox=\"0 0 256 512\" xmlns=\"http:\/\/www.w3.org\/2000\/svg\"><path d=\"M224.3 273l-136 136c-9.4 9.4-24.6 9.4-33.9 0l-22.6-22.6c-9.4-9.4-9.4-24.6 0-33.9l96.4-96.4-96.4-96.4c-9.4-9.4-9.4-24.6 0-33.9L54.3 103c9.4-9.4 24.6-9.4 33.9 0l136 136c9.5 9.4 9.5 24.6.1 34z\"><\/path><\/svg>\t\t\t<\/span>\n\t\t\t\t\t\t\t\t\t<span class=\"elementor-button-text\">NOS PARTENAIRES <\/span>\n\t\t\t\t\t<\/span>\n\t\t\t\t\t<\/a>\n\t\t\t\t<\/div>\n\t\t\t\t\t\t\t\t<\/div>\n\t\t\t\t<\/div>\n\t\t\t\t\t<\/div>\n\t\t\t\t<\/div>\n\t\t<div class=\"elementor-element elementor-element-7ded3cd animated-slow e-flex e-con-boxed elementor-invisible e-con e-parent\" data-id=\"7ded3cd\" data-element_type=\"container\" data-settings=\"{&quot;animation&quot;:&quot;fadeInLeft&quot;}\">\n\t\t\t\t\t<div class=\"e-con-inner\">\n\t\t\t\t<div class=\"elementor-element elementor-element-50aec73 elementor-widget elementor-widget-image\" data-id=\"50aec73\" data-element_type=\"widget\" data-widget_type=\"image.default\">\n\t\t\t\t<div class=\"elementor-widget-container\">\n\t\t\t\t\t\t\t\t\t\t\t\t\t\t\t<img loading=\"lazy\" decoding=\"async\" width=\"1024\" height=\"242\" src=\"https:\/\/esader-drc.org\/wp-content\/uploads\/2024\/08\/parteners_true-removebg-preview-1024x242.png\" class=\"attachment-large size-large wp-image-73\" alt=\"\" srcset=\"https:\/\/esader-drc.org\/wp-content\/uploads\/2024\/08\/parteners_true-removebg-preview-1024x242.png 1024w, https:\/\/esader-drc.org\/wp-content\/uploads\/2024\/08\/parteners_true-removebg-preview-300x71.png 300w, https:\/\/esader-drc.org\/wp-content\/uploads\/2024\/08\/parteners_true-removebg-preview-768x182.png 768w, https:\/\/esader-drc.org\/wp-content\/uploads\/2024\/08\/parteners_true-removebg-preview.png 1027w\" sizes=\"(max-width: 1024px) 100vw, 1024px\" \/>\t\t\t\t\t\t\t\t\t\t\t\t\t\t\t<\/div>\n\t\t\t\t<\/div>\n\t\t\t\t\t<\/div>\n\t\t\t\t<\/div>\n\t\t\t\t<section class=\"elementor-section elementor-top-section elementor-element elementor-element-f2a11df elementor-section-boxed elementor-section-height-default elementor-section-height-default\" data-id=\"f2a11df\" data-element_type=\"section\" data-settings=\"{&quot;background_background&quot;:&quot;classic&quot;}\">\n\t\t\t\t\t\t<div class=\"elementor-container elementor-column-gap-default\">\n\t\t\t\t\t<div class=\"elementor-column elementor-col-33 elementor-top-column elementor-element elementor-element-fe6d90a\" data-id=\"fe6d90a\" data-element_type=\"column\">\n\t\t\t<div class=\"elementor-widget-wrap elementor-element-populated\">\n\t\t\t\t\t\t<div class=\"elementor-element elementor-element-50703eb elementor-widget elementor-widget-text-editor\" data-id=\"50703eb\" data-element_type=\"widget\" data-widget_type=\"text-editor.default\">\n\t\t\t\t<div class=\"elementor-widget-container\">\n\t\t\t\t\t\t\t\t\t<p>Mail: esader.ong@gmail.com<br \/>Tel: +243 998677832<br \/>Site web: esader-drc.org<br \/>Skype: albert17879<\/p>\t\t\t\t\t\t\t\t<\/div>\n\t\t\t\t<\/div>\n\t\t\t\t\t<\/div>\n\t\t<\/div>\n\t\t\t\t<div class=\"elementor-column elementor-col-33 elementor-top-column elementor-element elementor-element-3396053\" data-id=\"3396053\" data-element_type=\"column\">\n\t\t\t<div class=\"elementor-widget-wrap elementor-element-populated\">\n\t\t\t\t\t\t<div class=\"elementor-element elementor-element-7b4e1c3 elementor-widget elementor-widget-text-editor\" data-id=\"7b4e1c3\" data-element_type=\"widget\" data-widget_type=\"text-editor.default\">\n\t\t\t\t<div class=\"elementor-widget-container\">\n\t\t\t\t\t\t\t\t\t<p>Copyright \u00a9 2024 esader-drc.org<br \/>Termes et Conditions <br \/>Politique de Confidentialit\u00e9<\/p>\t\t\t\t\t\t\t\t<\/div>\n\t\t\t\t<\/div>\n\t\t\t\t\t<\/div>\n\t\t<\/div>\n\t\t\t\t<div class=\"elementor-column elementor-col-33 elementor-top-column elementor-element elementor-element-1a318aa\" data-id=\"1a318aa\" data-element_type=\"column\">\n\t\t\t<div class=\"elementor-widget-wrap elementor-element-populated\">\n\t\t\t\t\t\t<div class=\"elementor-element elementor-element-ae89bd9 elementor-widget elementor-widget-text-editor\" data-id=\"ae89bd9\" data-element_type=\"widget\" data-widget_type=\"text-editor.default\">\n\t\t\t\t<div class=\"elementor-widget-container\">\n\t\t\t\t\t\t\t\t\t<p>1. Direction g\u00e9n\u00e9rale : N\u00b0 25, AV. chute de Lofoy, Quartier Itimbiri Commune de Kintambo, ville de Kinshasa, RDC<\/p><p>2. Antenne de Beni : N0 49, Q.Tamende,, C.Mulekera, Ville de Beni, RDC<\/p>\t\t\t\t\t\t\t\t<\/div>\n\t\t\t\t<\/div>\n\t\t\t\t\t<\/div>\n\t\t<\/div>\n\t\t\t\t\t<\/div>\n\t\t<\/section>\n\t\t<div class=\"elementor-element elementor-element-612a743 e-flex e-con-boxed e-con e-parent\" data-id=\"612a743\" data-element_type=\"container\" data-settings=\"{&quot;background_background&quot;:&quot;classic&quot;}\">\n\t\t\t\t\t<div class=\"e-con-inner\">\n\t\t\t\t<div class=\"elementor-element elementor-element-ef5a7c9 elementor-widget-divider--view-line elementor-widget elementor-widget-divider\" data-id=\"ef5a7c9\" data-element_type=\"widget\" data-widget_type=\"divider.default\">\n\t\t\t\t<div class=\"elementor-widget-container\">\n\t\t\t\t\t\t\t<div class=\"elementor-divider\">\n\t\t\t<span class=\"elementor-divider-separator\">\n\t\t\t\t\t\t<\/span>\n\t\t<\/div>\n\t\t\t\t\t\t<\/div>\n\t\t\t\t<\/div>\n\t\t\t\t<div class=\"elementor-element elementor-element-f68eb8f elementor-widget elementor-widget-text-editor\" data-id=\"f68eb8f\" data-element_type=\"widget\" data-widget_type=\"text-editor.default\">\n\t\t\t\t<div class=\"elementor-widget-container\">\n\t\t\t\t\t\t\t\t\t<p>Designed <b>&amp;<\/b> developed by\u00a0 <a style=\"color: #ffd230;\" href=\"https:\/\/wa.me\/243978309706\">KING OSADO<\/a><\/p>\t\t\t\t\t\t\t\t<\/div>\n\t\t\t\t<\/div>\n\t\t\t\t\t<\/div>\n\t\t\t\t<\/div>\n\t\t\t\t<\/div>","protected":false},"excerpt":{"rendered":"<p>Soutien scolaire aux orphelins et aux enfants vuln\u00e9rables Les massacres perp\u00e9tr\u00e9s par les rebelles ADF ont laiss\u00e9 derri\u00e8re eux des [&hellip;]<\/p>","protected":false},"author":1,"featured_media":0,"parent":0,"menu_order":0,"comment_status":"closed","ping_status":"closed","template":"","meta":{"site-sidebar-layout":"no-sidebar","site-content-layout":"","ast-site-content-layout":"full-width-container","site-content-style":"default","site-sidebar-style":"default","ast-global-header-display":"","ast-banner-title-visibility":"","ast-main-header-display":"","ast-hfb-above-header-display":"","ast-hfb-below-header-display":"","ast-hfb-mobile-header-display":"","site-post-title":"disabled","ast-breadcrumbs-content":"","ast-featured-img":"disabled","footer-sml-layout":"","theme-transparent-header-meta":"","adv-header-id-meta":"","stick-header-meta":"","header-above-stick-meta":"","header-main-stick-meta":"","header-below-stick-meta":"","astra-migrate-meta-layouts":"default","ast-page-background-enabled":"default","ast-page-background-meta":{"desktop":{"background-color":"var(--ast-global-color-4)","background-image":"","background-repeat":"repeat","background-position":"center center","background-size":"auto","background-attachment":"scroll","background-type":"","background-media":"","overlay-type":"","overlay-color":"","overlay-opacity":"","overlay-gradient":""},"tablet":{"background-color":"","background-image":"","background-repeat":"repeat","background-position":"center center","background-size":"auto","background-attachment":"scroll","background-type":"","background-media":"","overlay-type":"","overlay-color":"","overlay-opacity":"","overlay-gradient":""},"mobile":{"background-color":"","background-image":"","background-repeat":"repeat","background-position":"center center","background-size":"auto","background-attachment":"scroll","background-type":"","background-media":"","overlay-type":"","overlay-color":"","overlay-opacity":"","overlay-gradient":""}},"ast-content-background-meta":{"desktop":{"background-color":"var(--ast-global-color-5)","background-image":"","background-repeat":"repeat","background-position":"center center","background-size":"auto","background-attachment":"scroll","background-type":"","background-media":"","overlay-type":"","overlay-color":"","overlay-opacity":"","overlay-gradient":""},"tablet":{"background-color":"var(--ast-global-color-5)","background-image":"","background-repeat":"repeat","background-position":"center center","background-size":"auto","background-attachment":"scroll","background-type":"","background-media":"","overlay-type":"","overlay-color":"","overlay-opacity":"","overlay-gradient":""},"mobile":{"background-color":"var(--ast-global-color-5)","background-image":"","background-repeat":"repeat","background-position":"center center","background-size":"auto","background-attachment":"scroll","background-type":"","background-media":"","overlay-type":"","overlay-color":"","overlay-opacity":"","overlay-gradient":""}},"footnotes":""},"class_list":["post-148","page","type-page","status-publish","hentry"],"_links":{"self":[{"href":"https:\/\/esader-drc.org\/en\/wp-json\/wp\/v2\/pages\/148","targetHints":{"allow":["GET"]}}],"collection":[{"href":"https:\/\/esader-drc.org\/en\/wp-json\/wp\/v2\/pages"}],"about":[{"href":"https:\/\/esader-drc.org\/en\/wp-json\/wp\/v2\/types\/page"}],"author":[{"embeddable":true,"href":"https:\/\/esader-drc.org\/en\/wp-json\/wp\/v2\/users\/1"}],"replies":[{"embeddable":true,"href":"https:\/\/esader-drc.org\/en\/wp-json\/wp\/v2\/comments?post=148"}],"version-history":[{"count":10,"href":"https:\/\/esader-drc.org\/en\/wp-json\/wp\/v2\/pages\/148\/revisions"}],"predecessor-version":[{"id":281,"href":"https:\/\/esader-drc.org\/en\/wp-json\/wp\/v2\/pages\/148\/revisions\/281"}],"wp:attachment":[{"href":"https:\/\/esader-drc.org\/en\/wp-json\/wp\/v2\/media?parent=148"}],"curies":[{"name":"wp","href":"https:\/\/api.w.org\/{rel}","templated":true}]}}